{"id":166,"date":"2020-05-08T13:08:31","date_gmt":"2020-05-08T11:08:31","guid":{"rendered":"https:\/\/lesfrenchquiches.com\/?page_id=166"},"modified":"2020-05-08T13:08:31","modified_gmt":"2020-05-08T11:08:31","slug":"about-us","status":"publish","type":"page","link":"https:\/\/lesfrenchquiches.com\/en\/about-us\/","title":{"rendered":"About us"},"content":{"rendered":"\n<p>French Quiches is Bring France Home&#8217;s new blog. Since 2017, we have been very involved in our small gift and souvenir shop in the Marais. Beyond the fact that we are a little bit original (would some of you say crazy\u00a0?), we also have another uniqueness : all our products are exclusively Made in France.<\/p>\n\n\n\n<figure class=\"wp-block-image size-large\"><img loading=\"lazy\" width=\"1024\" height=\"574\" src=\"https:\/\/lesfrenchquiches.com\/wp-content\/uploads\/2020\/05\/about-1024x574.jpg\" alt=\"\" class=\"wp-image-67\" srcset=\"https:\/\/lesfrenchquiches.com\/wp-content\/uploads\/2020\/05\/about-1024x574.jpg 1024w, https:\/\/lesfrenchquiches.com\/wp-content\/uploads\/2020\/05\/about-300x168.jpg 300w, https:\/\/lesfrenchquiches.com\/wp-content\/uploads\/2020\/05\/about-768x431.jpg 768w, https:\/\/lesfrenchquiches.com\/wp-content\/uploads\/2020\/05\/about-1536x862.jpg 1536w, https:\/\/lesfrenchquiches.com\/wp-content\/uploads\/2020\/05\/about-1200x673.jpg 1200w, https:\/\/lesfrenchquiches.com\/wp-content\/uploads\/2020\/05\/about.jpg 1920w\" sizes=\"(max-width: 1024px) 100vw, 1024px\" \/><figcaption>Bring France Home &#8216; Shop &#8211; Photo Fr\u00e9d\u00e9ric Lipzyc<\/figcaption><\/figure>\n\n\n\n<!--more-->\n\n\n\n<h2>Why a Blog?<\/h2>\n\n\n\n<p>Afin de lutter contre la pand\u00e9mie du Corona, nous avons d\u00fb fermer notre boutique. M\u00eame si nous pouvons \u00e0 nouveau ouvrir nos portes, beaucoup d&#8217;entre-vous ne pourrons pas nous rendre visite. C&#8217;est la raison pour laquelle nous avons cr\u00e9\u00e9 ce blog, histoire d&#8217;\u00eatre plus proches de vous en ces temps difficiles.<\/p>\n\n\n\n<h2>You are in Paris?<\/h2>\n\n\n\n<p>If you&#8217;re in Paris, don&#8217;t hesitate to pay us a visit. We are in the middle of the Marais, next to the Place des Vosges. We are open every day from 11am to 7pm, French Time.<\/p>\n\n\n\n<figure class=\"wp-block-embed-youtube alignfull wp-block-embed is-type-video is-provider-youtube wp-embed-aspect-16-9 wp-has-aspect-ratio\"><div class=\"wp-block-embed__wrapper\">\n<iframe title=\"About our Opening Hours\" width=\"580\" height=\"326\" src=\"https:\/\/www.youtube.com\/embed\/iR1oIepqtpw?feature=oembed\" frameborder=\"0\" allow=\"accelerometer; autoplay; encrypted-media; gyroscope; picture-in-picture\" allowfullscreen><\/iframe>\n<\/div><figcaption>We are open from 11 am to 7 pm, French Time<\/figcaption><\/figure>\n","protected":false},"excerpt":{"rendered":"<p>French Quiches is Bring France Home&#8217;s new blog. Since 2017, we have been very involved in our small gift and souvenir shop in the Marais. Beyond the fact that we are a little bit original (would some of you say crazy\u00a0?), we also have another uniqueness : all our products are exclusively Made in France.<\/p>\n","protected":false},"author":2,"featured_media":0,"parent":0,"menu_order":0,"comment_status":"closed","ping_status":"closed","template":"templates\/template-full-width.php","meta":[],"yoast_head":"<!-- This site is optimized with the Yoast SEO plugin v15.6.2 - https:\/\/yoast.com\/wordpress\/plugins\/seo\/ -->\n<title>About us - Les French Quiches<\/title>\n<meta name=\"robots\" content=\"index, follow, max-snippet:-1, max-image-preview:large, max-video-preview:-1\" \/>\n<link rel=\"canonical\" href=\"https:\/\/lesfrenchquiches.com\/en\/about-us\/\" \/>\n<meta property=\"og:locale\" content=\"en_US\" \/>\n<meta property=\"og:type\" content=\"article\" \/>\n<meta property=\"og:title\" content=\"About us - Les French Quiches\" \/>\n<meta property=\"og:description\" content=\"French Quiches is Bring France Home&#8217;s new blog. Since 2017, we have been very involved in our small gift and souvenir shop in the Marais. Beyond the fact that we are a little bit original (would some of you say crazy\u00a0?), we also have another uniqueness : all our products are exclusively Made in France.\" \/>\n<meta property=\"og:url\" content=\"https:\/\/lesfrenchquiches.com\/en\/about-us\/\" \/>\n<meta property=\"og:site_name\" content=\"Les French Quiches\" \/>\n<meta property=\"og:image\" content=\"https:\/\/lesfrenchquiches.com\/wp-content\/uploads\/2020\/05\/about-1024x574.jpg\" \/>\n<meta name=\"twitter:card\" content=\"summary_large_image\" \/>\n<meta name=\"twitter:label1\" content=\"Est. reading time\">\n\t<meta name=\"twitter:data1\" content=\"1 minute\">\n<script type=\"application\/ld+json\" class=\"yoast-schema-graph\">{\"@context\":\"https:\/\/schema.org\",\"@graph\":[{\"@type\":\"WebSite\",\"@id\":\"https:\/\/lesfrenchquiches.com\/fr\/#website\",\"url\":\"https:\/\/lesfrenchquiches.com\/fr\/\",\"name\":\"Les French Quiches\",\"description\":\"Les French Quiches - Le Blog de Bring France Home\",\"potentialAction\":[{\"@type\":\"SearchAction\",\"target\":\"https:\/\/lesfrenchquiches.com\/fr\/?s={search_term_string}\",\"query-input\":\"required name=search_term_string\"}],\"inLanguage\":\"en-US\"},{\"@type\":\"ImageObject\",\"@id\":\"https:\/\/lesfrenchquiches.com\/en\/about-us\/#primaryimage\",\"inLanguage\":\"en-US\",\"url\":\"https:\/\/lesfrenchquiches.com\/wp-content\/uploads\/2020\/05\/about.jpg\",\"width\":1920,\"height\":1077,\"caption\":\"Boutique Bring France Home\"},{\"@type\":\"WebPage\",\"@id\":\"https:\/\/lesfrenchquiches.com\/en\/about-us\/#webpage\",\"url\":\"https:\/\/lesfrenchquiches.com\/en\/about-us\/\",\"name\":\"About us - Les French Quiches\",\"isPartOf\":{\"@id\":\"https:\/\/lesfrenchquiches.com\/fr\/#website\"},\"primaryImageOfPage\":{\"@id\":\"https:\/\/lesfrenchquiches.com\/en\/about-us\/#primaryimage\"},\"datePublished\":\"2020-05-08T11:08:31+00:00\",\"dateModified\":\"2020-05-08T11:08:31+00:00\",\"inLanguage\":\"en-US\",\"potentialAction\":[{\"@type\":\"ReadAction\",\"target\":[\"https:\/\/lesfrenchquiches.com\/en\/about-us\/\"]}]}]}<\/script>\n<!-- \/ Yoast SEO plugin. -->","_links":{"self":[{"href":"https:\/\/lesfrenchquiches.com\/en\/wp-json\/wp\/v2\/pages\/166"}],"collection":[{"href":"https:\/\/lesfrenchquiches.com\/en\/wp-json\/wp\/v2\/pages"}],"about":[{"href":"https:\/\/lesfrenchquiches.com\/en\/wp-json\/wp\/v2\/types\/page"}],"author":[{"embeddable":true,"href":"https:\/\/lesfrenchquiches.com\/en\/wp-json\/wp\/v2\/users\/2"}],"replies":[{"embeddable":true,"href":"https:\/\/lesfrenchquiches.com\/en\/wp-json\/wp\/v2\/comments?post=166"}],"version-history":[{"count":2,"href":"https:\/\/lesfrenchquiches.com\/en\/wp-json\/wp\/v2\/pages\/166\/revisions"}],"predecessor-version":[{"id":168,"href":"https:\/\/lesfrenchquiches.com\/en\/wp-json\/wp\/v2\/pages\/166\/revisions\/168"}],"wp:attachment":[{"href":"https:\/\/lesfrenchquiches.com\/en\/wp-json\/wp\/v2\/media?parent=166"}],"curies":[{"name":"wp","href":"https:\/\/api.w.org\/{rel}","templated":true}]}}