{"id":57,"date":"2020-04-30T10:49:18","date_gmt":"2020-04-30T08:49:18","guid":{"rendered":"http:\/\/lesfrenchquiches.com\/?page_id=57"},"modified":"2020-08-10T07:43:33","modified_gmt":"2020-08-10T05:43:33","slug":"le-nouveau-e-mucem-ouvre-ses-portes","status":"publish","type":"page","link":"https:\/\/lesfrenchquiches.com\/en\/","title":{"rendered":"Welcome"},"content":{"rendered":"\n<p>Welcome to Les French Quiches, Bring France Home&#8217;s blog. Since 2017, we have been operating our small gift and souvenir shop in the Marais. Beyond the fact that we are a little bit original (would some of you say crazy ?), we also have another uniqueness : all our products are exclusively Made in France.<\/p>\n\n\n\n<h2>Last posts<\/h2>\n\n\n\n<div class=\"wp-block-group alignwide\"><div class=\"wp-block-group__inner-container\"><ul class=\"wp-block-latest-posts wp-block-latest-posts__list has-dates\"><li><div class=\"wp-block-latest-posts__featured-image aligncenter\"><img width=\"224\" height=\"300\" src=\"https:\/\/lesfrenchquiches.com\/wp-content\/uploads\/2025\/01\/authentique-beret-basque-blanc-224x300.jpg\" class=\"attachment-medium size-medium wp-post-image\" alt=\"Authentique B\u00e9ret Basque Blanc\" loading=\"lazy\" style=\"\" srcset=\"https:\/\/lesfrenchquiches.com\/wp-content\/uploads\/2025\/01\/authentique-beret-basque-blanc-224x300.jpg 224w, https:\/\/lesfrenchquiches.com\/wp-content\/uploads\/2025\/01\/authentique-beret-basque-blanc.jpg 525w\" sizes=\"(max-width: 224px) 100vw, 224px\" \/><\/div><a href=\"https:\/\/lesfrenchquiches.com\/en\/the-authentic-basque-beret-so-french\/\">The authentic Basque beret: so French!<\/a><time datetime=\"2025-01-12T04:31:35+01:00\" class=\"wp-block-latest-posts__post-date\">12 January 2025<\/time><div class=\"wp-block-latest-posts__post-excerpt\">Lo berret qu&#8217;ei bearn\u00e9s !&nbsp; The beret is a bonnet that originated in B\u00e9arn, a region in the heart of Gascony in the Pyrenees . The word b\u00e9ret comes from the B\u00e9arnese name \u201cberret\u201d. And if the etymology doesn&#8217;t convince you, here&#8217;s a B\u00e9arnese saying for you: \u201cLo berret qu&#8217;ei bearn\u00e9s!\u201d, meaning \u201cthe beret is [&hellip;]<\/div><\/li>\n<li><div class=\"wp-block-latest-posts__featured-image aligncenter\"><img width=\"300\" height=\"300\" src=\"https:\/\/lesfrenchquiches.com\/wp-content\/uploads\/2023\/12\/71C76F0C-1E32-4E9D-BC8C-BB9B303731A8-2-300x300.jpg\" class=\"attachment-medium size-medium wp-post-image\" alt=\"\" loading=\"lazy\" style=\"\" srcset=\"https:\/\/lesfrenchquiches.com\/wp-content\/uploads\/2023\/12\/71C76F0C-1E32-4E9D-BC8C-BB9B303731A8-2-300x300.jpg 300w, https:\/\/lesfrenchquiches.com\/wp-content\/uploads\/2023\/12\/71C76F0C-1E32-4E9D-BC8C-BB9B303731A8-2-1600x1600.jpg 1600w, https:\/\/lesfrenchquiches.com\/wp-content\/uploads\/2023\/12\/71C76F0C-1E32-4E9D-BC8C-BB9B303731A8-2-150x150.jpg 150w, https:\/\/lesfrenchquiches.com\/wp-content\/uploads\/2023\/12\/71C76F0C-1E32-4E9D-BC8C-BB9B303731A8-2-768x768.jpg 768w, https:\/\/lesfrenchquiches.com\/wp-content\/uploads\/2023\/12\/71C76F0C-1E32-4E9D-BC8C-BB9B303731A8-2-1536x1536.jpg 1536w, https:\/\/lesfrenchquiches.com\/wp-content\/uploads\/2023\/12\/71C76F0C-1E32-4E9D-BC8C-BB9B303731A8-2-2048x2048.jpg 2048w, https:\/\/lesfrenchquiches.com\/wp-content\/uploads\/2023\/12\/71C76F0C-1E32-4E9D-BC8C-BB9B303731A8-2-1200x1200.jpg 1200w, https:\/\/lesfrenchquiches.com\/wp-content\/uploads\/2023\/12\/71C76F0C-1E32-4E9D-BC8C-BB9B303731A8-2-1980x1980.jpg 1980w\" sizes=\"(max-width: 300px) 100vw, 300px\" \/><\/div><a href=\"https:\/\/lesfrenchquiches.com\/en\/sweet-sweet\/\">Sweet sweet<\/a><time datetime=\"2023-12-03T10:20:58+01:00\" class=\"wp-block-latest-posts__post-date\">3 December 2023<\/time><div class=\"wp-block-latest-posts__post-excerpt\">Notre rayon confiserie est plein. Vous y trouverez des bonbons ( fruits, violette, miel, coquelicot, bergamote) mais aussi des sucettes, du chocolat, des orangettes, des raisins marin\u00e9s au Sauterne, des p\u00e2tes de fruit \u2026.. De d\u00e9licieuses douceurs \u00e0 offrir \u00e0 ceux qu\u2019on aime ( ou \u00e0 soi-m\u00eame)<\/div><\/li>\n<li><div class=\"wp-block-latest-posts__featured-image aligncenter\"><img width=\"300\" height=\"300\" src=\"https:\/\/lesfrenchquiches.com\/wp-content\/uploads\/2023\/11\/J1-300x300.png\" class=\"attachment-medium size-medium wp-post-image\" alt=\"\" loading=\"lazy\" style=\"\" srcset=\"https:\/\/lesfrenchquiches.com\/wp-content\/uploads\/2023\/11\/J1-300x300.png 300w, https:\/\/lesfrenchquiches.com\/wp-content\/uploads\/2023\/11\/J1-150x150.png 150w, https:\/\/lesfrenchquiches.com\/wp-content\/uploads\/2023\/11\/J1-768x768.png 768w, https:\/\/lesfrenchquiches.com\/wp-content\/uploads\/2023\/11\/J1.png 770w\" sizes=\"(max-width: 300px) 100vw, 300px\" \/><\/div><a href=\"https:\/\/lesfrenchquiches.com\/en\/made-in-france-gifts\/\">Made in France Gifts<\/a><time datetime=\"2023-12-02T13:20:04+01:00\" class=\"wp-block-latest-posts__post-date\">2 December 2023<\/time><div class=\"wp-block-latest-posts__post-excerpt\">This holiday season, give french-made gifts and support indepedent business. Bring France Home offers a selection of gifts made exclusively in France, available on our website or in our parisian shop.<\/div><\/li>\n<\/ul><\/div><\/div>\n\n\n\n<p><\/p>\n\n\n\n<div class=\"wp-block-group alignwide has-background\" style=\"background-color:#ffffff\"><div class=\"wp-block-group__inner-container\">\n<div class=\"wp-block-group\"><div class=\"wp-block-group__inner-container\">\n<form method=\"post\" action=\"https:\/\/newsletter.infomaniak.com\/external\/submit\" class=\"inf-form\" target=\"_blank\"><input type=\"email\" name=\"email\" style=\"display:none\"><input type=\"hidden\" name=\"key\" value=\"eyJpdiI6IkNzNDY0c0xDQmJWU2NhRGRlczVZelllMzlldTkzc2x2T0VWRjRscmM3MkU9IiwidmFsdWUiOiJhM0xGaks3Q2diZEx0ZW84KzdLM2lDRWJ5NWFHbFFGOFI0OGdFT20ybmlnPSIsIm1hYyI6ImE3ZDQxN2NjOWI2OGVjYjQzNzFhZjllM2Y1YTU5OWRmNThmZmI1Y2VjNDQ0ZGY4ZjNhNDNlYTIwODA1ZDZmMDIifQ==\"><input type=\"hidden\" name=\"webform_id\" value=\"7564\"><style> .inf-main_8c6d39a0e9e6f344fb6a2d83c7c6787c{margin:25px auto; } .inf-main_8c6d39a0e9e6f344fb6a2d83c7c6787c .inf-content { margin-top:13px;} .inf-main_8c6d39a0e9e6f344fb6a2d83c7c6787c h4{margin:0px 0px 13px 0px; }.inf-main_8c6d39a0e9e6f344fb6a2d83c7c6787c .inf-input { margin-bottom:7px; } .inf-main_8c6d39a0e9e6f344fb6a2d83c7c6787c label { display:block;}.inf-main_8c6d39a0e9e6f344fb6a2d83c7c6787c .inf-input.inf-error label, .inf-main_8c6d39a0e9e6f344fb6a2d83c7c6787c .inf-input.inf-error span.inf-message{ color: #cc0033; } .inf-main_8c6d39a0e9e6f344fb6a2d83c7c6787c .inf-input input { width:100%;} .inf-main_8c6d39a0e9e6f344fb6a2d83c7c6787c .inf-input.inf-error span.inf-message { display: block; }.inf-main_8c6d39a0e9e6f344fb6a2d83c7c6787c .inf-submit input.disabled{ opacity: 0.4; }.inf-rgpd { margin:25px 0px 15px 0px;} <\/style> <div class=\"inf-main_8c6d39a0e9e6f344fb6a2d83c7c6787c\"> <h4>Newsletter<\/h4> <span>If you like our blog, if you enjoy authenticity, you should subscribe to Bring France Home&#8217;s Newsletter<\/span> <div class=\"inf-success\" style=\"display:none\"> <h4>Votre inscription a \u00e9t\u00e9 enregistr\u00e9e avec succ\u00e8s !<\/h4> <p> <a href=\"#\" class=\"inf-btn\">\u00ab<\/a> <\/p> <\/div> <div class=\"inf-content\"> <div class=\"inf-input inf-input-text\"> <input type=\"text\" name=\"inf[1]\" data-inf-meta=\"1\" data-inf-error=\"Please enter your e-mail address\" required=\"required\" placeholder=\"Email\"> <\/div><div class=\"inf-submit\"> <input type=\"submit\" name=\"\" value=\"Join the club\"> <\/div> <\/div> <\/div> <\/form>\n<\/div><\/div>\n<\/div><\/div>\n","protected":false},"excerpt":{"rendered":"<p>Welcome to Les French Quiches, Bring France Home&#8217;s blog. Since 2017, we have been operating our small gift and souvenir shop in the Marais. Beyond the fact that we are a little bit original (would some of you say crazy ?), we also have another uniqueness : all our products are exclusively Made in France. [&hellip;]<\/p>\n","protected":false},"author":2,"featured_media":0,"parent":0,"menu_order":0,"comment_status":"closed","ping_status":"closed","template":"","meta":[],"yoast_head":"<!-- This site is optimized with the Yoast SEO plugin v15.6.2 - https:\/\/yoast.com\/wordpress\/plugins\/seo\/ -->\n<title>Welcome - Les French Quiches<\/title>\n<meta name=\"robots\" content=\"index, follow, max-snippet:-1, max-image-preview:large, max-video-preview:-1\" \/>\n<link rel=\"canonical\" href=\"https:\/\/lesfrenchquiches.com\/en\/\" \/>\n<meta property=\"og:locale\" content=\"en_US\" \/>\n<meta property=\"og:type\" content=\"article\" \/>\n<meta property=\"og:title\" content=\"Welcome - Les French Quiches\" \/>\n<meta property=\"og:description\" content=\"Welcome to Les French Quiches, Bring France Home&#8217;s blog. Since 2017, we have been operating our small gift and souvenir shop in the Marais. Beyond the fact that we are a little bit original (would some of you say crazy ?), we also have another uniqueness : all our products are exclusively Made in France. [&hellip;]\" \/>\n<meta property=\"og:url\" content=\"https:\/\/lesfrenchquiches.com\/en\/\" \/>\n<meta property=\"og:site_name\" content=\"Les French Quiches\" \/>\n<meta property=\"article:modified_time\" content=\"2020-08-10T05:43:33+00:00\" \/>\n<meta name=\"twitter:card\" content=\"summary_large_image\" \/>\n<script type=\"application\/ld+json\" class=\"yoast-schema-graph\">{\"@context\":\"https:\/\/schema.org\",\"@graph\":[{\"@type\":\"WebSite\",\"@id\":\"https:\/\/lesfrenchquiches.com\/fr\/#website\",\"url\":\"https:\/\/lesfrenchquiches.com\/fr\/\",\"name\":\"Les French Quiches\",\"description\":\"Les French Quiches - Le Blog de Bring France Home\",\"potentialAction\":[{\"@type\":\"SearchAction\",\"target\":\"https:\/\/lesfrenchquiches.com\/fr\/?s={search_term_string}\",\"query-input\":\"required name=search_term_string\"}],\"inLanguage\":\"en-US\"},{\"@type\":\"WebPage\",\"@id\":\"https:\/\/lesfrenchquiches.com\/en\/#webpage\",\"url\":\"https:\/\/lesfrenchquiches.com\/en\/\",\"name\":\"Welcome - Les French Quiches\",\"isPartOf\":{\"@id\":\"https:\/\/lesfrenchquiches.com\/fr\/#website\"},\"datePublished\":\"2020-04-30T08:49:18+00:00\",\"dateModified\":\"2020-08-10T05:43:33+00:00\",\"inLanguage\":\"en-US\",\"potentialAction\":[{\"@type\":\"ReadAction\",\"target\":[\"https:\/\/lesfrenchquiches.com\/en\/\"]}]}]}<\/script>\n<!-- \/ Yoast SEO plugin. -->","_links":{"self":[{"href":"https:\/\/lesfrenchquiches.com\/en\/wp-json\/wp\/v2\/pages\/57"}],"collection":[{"href":"https:\/\/lesfrenchquiches.com\/en\/wp-json\/wp\/v2\/pages"}],"about":[{"href":"https:\/\/lesfrenchquiches.com\/en\/wp-json\/wp\/v2\/types\/page"}],"author":[{"embeddable":true,"href":"https:\/\/lesfrenchquiches.com\/en\/wp-json\/wp\/v2\/users\/2"}],"replies":[{"embeddable":true,"href":"https:\/\/lesfrenchquiches.com\/en\/wp-json\/wp\/v2\/comments?post=57"}],"version-history":[{"count":15,"href":"https:\/\/lesfrenchquiches.com\/en\/wp-json\/wp\/v2\/pages\/57\/revisions"}],"predecessor-version":[{"id":629,"href":"https:\/\/lesfrenchquiches.com\/en\/wp-json\/wp\/v2\/pages\/57\/revisions\/629"}],"wp:attachment":[{"href":"https:\/\/lesfrenchquiches.com\/en\/wp-json\/wp\/v2\/media?parent=57"}],"curies":[{"name":"wp","href":"https:\/\/api.w.org\/{rel}","templated":true}]}}