{"id":11,"date":"2020-04-30T10:49:18","date_gmt":"2020-04-30T08:49:18","guid":{"rendered":"http:\/\/lesfrenchquiches.com\/?page_id=11"},"modified":"2020-07-08T10:09:52","modified_gmt":"2020-07-08T08:09:52","slug":"le-nouveau-e-mucem-ouvre-ses-portes","status":"publish","type":"page","link":"https:\/\/lesfrenchquiches.com\/fr\/","title":{"rendered":"Bienvenue"},"content":{"rendered":"\n<p>Bienvenue chez Les French Quiches, le blog de Bring France Home. Depuis 2017, nous s\u00e9vissons dans notre petite boutique de cadeaux et souvenirs dans le Marais. Au del\u00e0 du fait que nous sommes compl\u00e8tement folles, nous avons aussi une autre particularit\u00e9 : tous nos produits sont exclusivement fabriqu\u00e9s en France.<\/p>\n\n\n\n<div class=\"wp-block-group alignwide\"><div class=\"wp-block-group__inner-container\">\n<h3>Derniers Posts<\/h3>\n\n\n<ul class=\"wp-block-latest-posts wp-block-latest-posts__list has-dates\"><li><div class=\"wp-block-latest-posts__featured-image aligncenter\"><img width=\"224\" height=\"300\" src=\"https:\/\/lesfrenchquiches.com\/wp-content\/uploads\/2025\/01\/authentique-beret-basque-blanc-224x300.jpg\" class=\"attachment-medium size-medium wp-post-image\" alt=\"Authentique B\u00e9ret Basque Blanc\" loading=\"lazy\" style=\"\" srcset=\"https:\/\/lesfrenchquiches.com\/wp-content\/uploads\/2025\/01\/authentique-beret-basque-blanc-224x300.jpg 224w, https:\/\/lesfrenchquiches.com\/wp-content\/uploads\/2025\/01\/authentique-beret-basque-blanc.jpg 525w\" sizes=\"(max-width: 224px) 100vw, 224px\" \/><\/div><a href=\"https:\/\/lesfrenchquiches.com\/fr\/lauthentique-beret-basque-so-french\/\">L\u2019authentique b\u00e9ret basque : so french !<\/a><time datetime=\"2025-01-12T04:36:57+01:00\" class=\"wp-block-latest-posts__post-date\">12 janvier 2025<\/time><div class=\"wp-block-latest-posts__post-excerpt\">Lo berret qu&rsquo;ei bearn\u00e9s !&nbsp; Le b\u00e9ret est un bonnet originaire du B\u00e9arn, une r\u00e9gion situ\u00e9e au c\u0153ur de la Gascogne dans les Pyr\u00e9n\u00e9es . Le mot b\u00e9ret vient du nom b\u00e9arnais \u00ab\u00a0berret\u00a0\u00bb. Et si l\u2019\u00e9tymologie ne vous convainc pas, voil\u00e0 un dicton b\u00e9arnais pour vous&nbsp;: \u00ab&nbsp;Lo berret qu&rsquo;ei bearn\u00e9s !&nbsp;\u00bb, ce qui signifie \u00ab [&hellip;]<\/div><\/li>\n<li><div class=\"wp-block-latest-posts__featured-image aligncenter\"><img width=\"300\" height=\"300\" src=\"https:\/\/lesfrenchquiches.com\/wp-content\/uploads\/2023\/12\/71C76F0C-1E32-4E9D-BC8C-BB9B303731A8-2-300x300.jpg\" class=\"attachment-medium size-medium wp-post-image\" alt=\"\" loading=\"lazy\" style=\"\" srcset=\"https:\/\/lesfrenchquiches.com\/wp-content\/uploads\/2023\/12\/71C76F0C-1E32-4E9D-BC8C-BB9B303731A8-2-300x300.jpg 300w, https:\/\/lesfrenchquiches.com\/wp-content\/uploads\/2023\/12\/71C76F0C-1E32-4E9D-BC8C-BB9B303731A8-2-1600x1600.jpg 1600w, https:\/\/lesfrenchquiches.com\/wp-content\/uploads\/2023\/12\/71C76F0C-1E32-4E9D-BC8C-BB9B303731A8-2-150x150.jpg 150w, https:\/\/lesfrenchquiches.com\/wp-content\/uploads\/2023\/12\/71C76F0C-1E32-4E9D-BC8C-BB9B303731A8-2-768x768.jpg 768w, https:\/\/lesfrenchquiches.com\/wp-content\/uploads\/2023\/12\/71C76F0C-1E32-4E9D-BC8C-BB9B303731A8-2-1536x1536.jpg 1536w, https:\/\/lesfrenchquiches.com\/wp-content\/uploads\/2023\/12\/71C76F0C-1E32-4E9D-BC8C-BB9B303731A8-2-2048x2048.jpg 2048w, https:\/\/lesfrenchquiches.com\/wp-content\/uploads\/2023\/12\/71C76F0C-1E32-4E9D-BC8C-BB9B303731A8-2-1200x1200.jpg 1200w, https:\/\/lesfrenchquiches.com\/wp-content\/uploads\/2023\/12\/71C76F0C-1E32-4E9D-BC8C-BB9B303731A8-2-1980x1980.jpg 1980w\" sizes=\"(max-width: 300px) 100vw, 300px\" \/><\/div><a href=\"https:\/\/lesfrenchquiches.com\/fr\/sweet-sweet\/\">Sweet sweet<\/a><time datetime=\"2023-12-03T10:20:57+01:00\" class=\"wp-block-latest-posts__post-date\">3 d\u00e9cembre 2023<\/time><div class=\"wp-block-latest-posts__post-excerpt\">Notre rayon confiserie est plein. Vous y trouverez des bonbons ( fruits, violette, miel, coquelicot, bergamote) mais aussi des sucettes, du chocolat, des orangettes, des raisins marin\u00e9s au Sauterne, des p\u00e2tes de fruit \u2026.. De d\u00e9licieuses douceurs \u00e0 offrir \u00e0 ceux qu\u2019on aime ( ou \u00e0 soi-m\u00eame)<\/div><\/li>\n<li><div class=\"wp-block-latest-posts__featured-image aligncenter\"><img width=\"260\" height=\"300\" src=\"https:\/\/lesfrenchquiches.com\/wp-content\/uploads\/2023\/12\/Maria-260x300.jpg\" class=\"attachment-medium size-medium wp-post-image\" alt=\"\" loading=\"lazy\" style=\"\" srcset=\"https:\/\/lesfrenchquiches.com\/wp-content\/uploads\/2023\/12\/Maria-260x300.jpg 260w, https:\/\/lesfrenchquiches.com\/wp-content\/uploads\/2023\/12\/Maria-768x886.jpg 768w, https:\/\/lesfrenchquiches.com\/wp-content\/uploads\/2023\/12\/Maria.jpg 862w\" sizes=\"(max-width: 260px) 100vw, 260px\" \/><\/div><a href=\"https:\/\/lesfrenchquiches.com\/fr\/all-i-want-for-xmas-is-bring-france-home\/\">All I want for Xmas is Bring France Home<\/a><time datetime=\"2023-12-03T10:03:37+01:00\" class=\"wp-block-latest-posts__post-date\">3 d\u00e9cembre 2023<\/time><div class=\"wp-block-latest-posts__post-excerpt\">Aujourd&rsquo;hui nous sommes le 2 d\u00e9cembre et comme nous le fait remarquer Maria, cela veut dire que No\u00ebl est dans 22 jours ! Il est temps de vous occuper de vos emplettes. Bring France propose plus de 300 r\u00e9f\u00e9rences de cadeaux, tous fabriqu\u00e9s en France, pour tous les \u00e2ges et tous les budgets. Notre boutique [&hellip;]<\/div><\/li>\n<\/ul><\/div><\/div>\n\n\n\n<div class=\"wp-block-group alignwide\"><div class=\"wp-block-group__inner-container\"><\/div><\/div>\n\n\n\n<p><\/p>\n\n\n\n<div class=\"wp-block-group alignwide has-background\" style=\"background-color:#ffffff\"><div class=\"wp-block-group__inner-container\">\n<div class=\"wp-block-group\"><div class=\"wp-block-group__inner-container\">\n<form method=\"post\" action=\"https:\/\/newsletter.infomaniak.com\/external\/submit\" class=\"inf-form\" target=\"_blank\"><input type=\"email\" name=\"email\" style=\"display:none\"><input type=\"hidden\" name=\"key\" value=\"eyJpdiI6IkNzNDY0c0xDQmJWU2NhRGRlczVZelllMzlldTkzc2x2T0VWRjRscmM3MkU9IiwidmFsdWUiOiJhM0xGaks3Q2diZEx0ZW84KzdLM2lDRWJ5NWFHbFFGOFI0OGdFT20ybmlnPSIsIm1hYyI6ImE3ZDQxN2NjOWI2OGVjYjQzNzFhZjllM2Y1YTU5OWRmNThmZmI1Y2VjNDQ0ZGY4ZjNhNDNlYTIwODA1ZDZmMDIifQ==\"><input type=\"hidden\" name=\"webform_id\" value=\"7564\"><style> .inf-main_8c6d39a0e9e6f344fb6a2d83c7c6787c{margin:25px auto; } .inf-main_8c6d39a0e9e6f344fb6a2d83c7c6787c .inf-content { margin-top:13px;} .inf-main_8c6d39a0e9e6f344fb6a2d83c7c6787c h4{margin:0px 0px 13px 0px; }.inf-main_8c6d39a0e9e6f344fb6a2d83c7c6787c .inf-input { margin-bottom:7px; } .inf-main_8c6d39a0e9e6f344fb6a2d83c7c6787c label { display:block;}.inf-main_8c6d39a0e9e6f344fb6a2d83c7c6787c .inf-input.inf-error label, .inf-main_8c6d39a0e9e6f344fb6a2d83c7c6787c .inf-input.inf-error span.inf-message{ color: #cc0033; } .inf-main_8c6d39a0e9e6f344fb6a2d83c7c6787c .inf-input input { width:100%;} .inf-main_8c6d39a0e9e6f344fb6a2d83c7c6787c .inf-input.inf-error span.inf-message { display: block; }.inf-main_8c6d39a0e9e6f344fb6a2d83c7c6787c .inf-submit input.disabled{ opacity: 0.4; }.inf-rgpd { margin:25px 0px 15px 0px;} <\/style> <div class=\"inf-main_8c6d39a0e9e6f344fb6a2d83c7c6787c\"> <h4>Newsletter<\/h4> <span>Si vous aimez notre blog, si vous aimez l\u2019authenticit\u00e9, vous pouvez vous inscrire \u00e0 la Newsletter de Bring France Home<\/span> <div class=\"inf-success\" style=\"display:none\"> <h4>Votre inscription a \u00e9t\u00e9 enregistr\u00e9e avec succ\u00e8s !<\/h4> <p> <a href=\"#\" class=\"inf-btn\">\u00ab<\/a> <\/p> <\/div> <div class=\"inf-content\"> <div class=\"inf-input inf-input-text\"> <input type=\"text\" name=\"inf[1]\" data-inf-meta=\"1\" data-inf-error=\"Merci de renseigner une adresse email\" required=\"required\" placeholder=\"Email\"> <\/div><div class=\"inf-submit\"> <input type=\"submit\" name=\"\" value=\"Rejoignez le club\"> <\/div> <\/div> <\/div> <\/form>\n<\/div><\/div>\n<\/div><\/div>\n","protected":false},"excerpt":{"rendered":"<p>Bienvenue chez Les French Quiches, le blog de Bring France Home. Depuis 2017, nous s\u00e9vissons dans notre petite boutique de cadeaux et souvenirs dans le Marais. Au del\u00e0 du fait que nous sommes compl\u00e8tement folles, nous avons aussi une autre particularit\u00e9 : tous nos produits sont exclusivement fabriqu\u00e9s en France.<\/p>\n","protected":false},"author":2,"featured_media":0,"parent":0,"menu_order":0,"comment_status":"closed","ping_status":"closed","template":"","meta":[],"yoast_head":"<!-- This site is optimized with the Yoast SEO plugin v15.6.2 - https:\/\/yoast.com\/wordpress\/plugins\/seo\/ -->\n<title>Bienvenue - Les French Quiches<\/title>\n<meta name=\"description\" content=\"Bienvenue chez les French Quiches, le blog de Bring France Home. Des infos sur le quartier du Marais, des vid\u00e9os et des infos produits 100% Made in France\" \/>\n<meta name=\"robots\" content=\"index, follow, max-snippet:-1, max-image-preview:large, max-video-preview:-1\" \/>\n<link rel=\"canonical\" href=\"https:\/\/lesfrenchquiches.com\/fr\/\" \/>\n<meta property=\"og:locale\" content=\"fr_FR\" \/>\n<meta property=\"og:type\" content=\"article\" \/>\n<meta property=\"og:title\" content=\"Bienvenue - Les French Quiches\" \/>\n<meta property=\"og:description\" content=\"Bienvenue chez les French Quiches, le blog de Bring France Home. Des infos sur le quartier du Marais, des vid\u00e9os et des infos produits 100% Made in France\" \/>\n<meta property=\"og:url\" content=\"https:\/\/lesfrenchquiches.com\/fr\/\" \/>\n<meta property=\"og:site_name\" content=\"Les French Quiches\" \/>\n<meta property=\"article:modified_time\" content=\"2020-07-08T08:09:52+00:00\" \/>\n<meta name=\"twitter:card\" content=\"summary_large_image\" \/>\n<script type=\"application\/ld+json\" class=\"yoast-schema-graph\">{\"@context\":\"https:\/\/schema.org\",\"@graph\":[{\"@type\":\"WebSite\",\"@id\":\"https:\/\/lesfrenchquiches.com\/fr\/#website\",\"url\":\"https:\/\/lesfrenchquiches.com\/fr\/\",\"name\":\"Les French Quiches\",\"description\":\"Les French Quiches - Le Blog de Bring France Home\",\"potentialAction\":[{\"@type\":\"SearchAction\",\"target\":\"https:\/\/lesfrenchquiches.com\/fr\/?s={search_term_string}\",\"query-input\":\"required name=search_term_string\"}],\"inLanguage\":\"fr-FR\"},{\"@type\":\"WebPage\",\"@id\":\"https:\/\/lesfrenchquiches.com\/fr\/#webpage\",\"url\":\"https:\/\/lesfrenchquiches.com\/fr\/\",\"name\":\"Bienvenue - Les French Quiches\",\"isPartOf\":{\"@id\":\"https:\/\/lesfrenchquiches.com\/fr\/#website\"},\"datePublished\":\"2020-04-30T08:49:18+00:00\",\"dateModified\":\"2020-07-08T08:09:52+00:00\",\"description\":\"Bienvenue chez les French Quiches, le blog de Bring France Home. Des infos sur le quartier du Marais, des vid\\u00e9os et des infos produits 100% Made in France\",\"inLanguage\":\"fr-FR\",\"potentialAction\":[{\"@type\":\"ReadAction\",\"target\":[\"https:\/\/lesfrenchquiches.com\/fr\/\"]}]}]}<\/script>\n<!-- \/ Yoast SEO plugin. -->","_links":{"self":[{"href":"https:\/\/lesfrenchquiches.com\/fr\/wp-json\/wp\/v2\/pages\/11"}],"collection":[{"href":"https:\/\/lesfrenchquiches.com\/fr\/wp-json\/wp\/v2\/pages"}],"about":[{"href":"https:\/\/lesfrenchquiches.com\/fr\/wp-json\/wp\/v2\/types\/page"}],"author":[{"embeddable":true,"href":"https:\/\/lesfrenchquiches.com\/fr\/wp-json\/wp\/v2\/users\/2"}],"replies":[{"embeddable":true,"href":"https:\/\/lesfrenchquiches.com\/fr\/wp-json\/wp\/v2\/comments?post=11"}],"version-history":[{"count":25,"href":"https:\/\/lesfrenchquiches.com\/fr\/wp-json\/wp\/v2\/pages\/11\/revisions"}],"predecessor-version":[{"id":457,"href":"https:\/\/lesfrenchquiches.com\/fr\/wp-json\/wp\/v2\/pages\/11\/revisions\/457"}],"wp:attachment":[{"href":"https:\/\/lesfrenchquiches.com\/fr\/wp-json\/wp\/v2\/media?parent=11"}],"curies":[{"name":"wp","href":"https:\/\/api.w.org\/{rel}","templated":true}]}}