{"id":12,"date":"2020-04-30T10:49:18","date_gmt":"2020-04-30T08:49:18","guid":{"rendered":"http:\/\/lesfrenchquiches.com\/?page_id=12"},"modified":"2020-05-08T13:02:41","modified_gmt":"2020-05-08T11:02:41","slug":"a-propos-de","status":"publish","type":"page","link":"https:\/\/lesfrenchquiches.com\/fr\/a-propos-de\/","title":{"rendered":"\u00c0 propos"},"content":{"rendered":"\n<p>Bienvenue chez Les French Quiches, le blog de Bring France Home. Depuis 2017, nous s\u00e9vissons dans notre petite boutique de cadeaux et souvenirs dans le Marais. Au del\u00e0 du fait que nous sommes compl\u00e8tement folles, nous avons aussi une autre particularit\u00e9 : tous nos produits sont exclusivement fabriqu\u00e9s en France.<\/p>\n\n\n\n<figure class=\"wp-block-image size-large\"><img loading=\"lazy\" width=\"1024\" height=\"574\" src=\"http:\/\/lesfrenchquiches.com\/wp-content\/uploads\/2020\/05\/about-1024x574.jpg\" alt=\"\" class=\"wp-image-67\" srcset=\"https:\/\/lesfrenchquiches.com\/wp-content\/uploads\/2020\/05\/about-1024x574.jpg 1024w, https:\/\/lesfrenchquiches.com\/wp-content\/uploads\/2020\/05\/about-300x168.jpg 300w, https:\/\/lesfrenchquiches.com\/wp-content\/uploads\/2020\/05\/about-768x431.jpg 768w, https:\/\/lesfrenchquiches.com\/wp-content\/uploads\/2020\/05\/about-1536x862.jpg 1536w, https:\/\/lesfrenchquiches.com\/wp-content\/uploads\/2020\/05\/about-1200x673.jpg 1200w, https:\/\/lesfrenchquiches.com\/wp-content\/uploads\/2020\/05\/about.jpg 1920w\" sizes=\"(max-width: 1024px) 100vw, 1024px\" \/><figcaption>Fa\u00e7ade de notre boutique Bring France Home &#8211; Photo Fr\u00e9d\u00e9ric Lipzyc<\/figcaption><\/figure>\n\n\n\n<!--more-->\n\n\n\n<h2>Pourquoi un Blog?<\/h2>\n\n\n\n<p>Afin de lutter contre la pand\u00e9mie du Corona, nous avons d\u00fb fermer notre boutique. M\u00eame si nous pouvons \u00e0 nouveau ouvrir nos portes, beaucoup d&rsquo;entre-vous ne pourrons pas nous rendre visite. C&rsquo;est la raison pour laquelle nous avons cr\u00e9\u00e9 ce blog, histoire d&rsquo;\u00eatre plus proches de vous en ces temps difficiles.<\/p>\n\n\n\n<h2>Vous \u00eates \u00e0 Paris?<\/h2>\n\n\n\n<p>Si vous \u00eates \u00e0 Paris, n&rsquo;h\u00e9sitez pas \u00e0 passer nous voir. Nous sommes en plein Marais, \u00e0 c\u00f4t\u00e9 de la place des Vosges. Quant \u00e0 nos horaires d&rsquo;ouverture, ils sont tr\u00e8s simples : tous les jours de 11h \u00e0 19h, French Time. <\/p>\n\n\n\n<figure class=\"wp-block-embed-youtube alignfull wp-block-embed is-type-video is-provider-youtube wp-embed-aspect-16-9 wp-has-aspect-ratio\"><div class=\"wp-block-embed__wrapper\">\n<iframe title=\"About our Opening Hours\" width=\"580\" height=\"326\" src=\"https:\/\/www.youtube.com\/embed\/iR1oIepqtpw?feature=oembed\" frameborder=\"0\" allow=\"accelerometer; autoplay; encrypted-media; gyroscope; picture-in-picture\" allowfullscreen><\/iframe>\n<\/div><figcaption>We are open from 11 am to 7 pm, French Time<\/figcaption><\/figure>\n","protected":false},"excerpt":{"rendered":"<p>Bienvenue chez Les French Quiches, le blog de Bring France Home. Depuis 2017, nous s\u00e9vissons dans notre petite boutique de cadeaux et souvenirs dans le Marais. Au del\u00e0 du fait que nous sommes compl\u00e8tement folles, nous avons aussi une autre particularit\u00e9 : tous nos produits sont exclusivement fabriqu\u00e9s en France.<\/p>\n","protected":false},"author":2,"featured_media":0,"parent":0,"menu_order":0,"comment_status":"closed","ping_status":"closed","template":"templates\/template-full-width.php","meta":[],"yoast_head":"<!-- This site is optimized with the Yoast SEO plugin v15.6.2 - https:\/\/yoast.com\/wordpress\/plugins\/seo\/ -->\n<title>\u00c0 propos - Les French Quiches<\/title>\n<meta name=\"description\" content=\"Bienvenue chez Les French Quiches, le blog de Bring France Home. Depuis 2017, nous s\u00e9vissons dans notre petite boutique de cadeaux et souvenirs dans le Marais.\" \/>\n<meta name=\"robots\" content=\"index, follow, max-snippet:-1, max-image-preview:large, max-video-preview:-1\" \/>\n<link rel=\"canonical\" href=\"https:\/\/lesfrenchquiches.com\/fr\/a-propos-de\/\" \/>\n<meta property=\"og:locale\" content=\"fr_FR\" \/>\n<meta property=\"og:type\" content=\"article\" \/>\n<meta property=\"og:title\" content=\"\u00c0 propos - Les French Quiches\" \/>\n<meta property=\"og:description\" content=\"Bienvenue chez Les French Quiches, le blog de Bring France Home. Depuis 2017, nous s\u00e9vissons dans notre petite boutique de cadeaux et souvenirs dans le Marais.\" \/>\n<meta property=\"og:url\" content=\"https:\/\/lesfrenchquiches.com\/fr\/a-propos-de\/\" \/>\n<meta property=\"og:site_name\" content=\"Les French Quiches\" \/>\n<meta property=\"article:modified_time\" content=\"2020-05-08T11:02:41+00:00\" \/>\n<meta property=\"og:image\" content=\"http:\/\/lesfrenchquiches.com\/wp-content\/uploads\/2020\/05\/about-1024x574.jpg\" \/>\n<meta name=\"twitter:card\" content=\"summary_large_image\" \/>\n<meta name=\"twitter:label1\" content=\"Dur\u00e9e de lecture est.\">\n\t<meta name=\"twitter:data1\" content=\"1 minute\">\n<script type=\"application\/ld+json\" class=\"yoast-schema-graph\">{\"@context\":\"https:\/\/schema.org\",\"@graph\":[{\"@type\":\"WebSite\",\"@id\":\"https:\/\/lesfrenchquiches.com\/fr\/#website\",\"url\":\"https:\/\/lesfrenchquiches.com\/fr\/\",\"name\":\"Les French Quiches\",\"description\":\"Les French Quiches - Le Blog de Bring France Home\",\"potentialAction\":[{\"@type\":\"SearchAction\",\"target\":\"https:\/\/lesfrenchquiches.com\/fr\/?s={search_term_string}\",\"query-input\":\"required name=search_term_string\"}],\"inLanguage\":\"fr-FR\"},{\"@type\":\"ImageObject\",\"@id\":\"https:\/\/lesfrenchquiches.com\/fr\/a-propos-de\/#primaryimage\",\"inLanguage\":\"fr-FR\",\"url\":\"http:\/\/lesfrenchquiches.com\/wp-content\/uploads\/2020\/05\/about-1024x574.jpg\"},{\"@type\":\"WebPage\",\"@id\":\"https:\/\/lesfrenchquiches.com\/fr\/a-propos-de\/#webpage\",\"url\":\"https:\/\/lesfrenchquiches.com\/fr\/a-propos-de\/\",\"name\":\"\\u00c0 propos - Les French Quiches\",\"isPartOf\":{\"@id\":\"https:\/\/lesfrenchquiches.com\/fr\/#website\"},\"primaryImageOfPage\":{\"@id\":\"https:\/\/lesfrenchquiches.com\/fr\/a-propos-de\/#primaryimage\"},\"datePublished\":\"2020-04-30T08:49:18+00:00\",\"dateModified\":\"2020-05-08T11:02:41+00:00\",\"description\":\"Bienvenue chez Les French Quiches, le blog de Bring France Home. Depuis 2017, nous s\\u00e9vissons dans notre petite boutique de cadeaux et souvenirs dans le Marais.\",\"inLanguage\":\"fr-FR\",\"potentialAction\":[{\"@type\":\"ReadAction\",\"target\":[\"https:\/\/lesfrenchquiches.com\/fr\/a-propos-de\/\"]}]}]}<\/script>\n<!-- \/ Yoast SEO plugin. -->","_links":{"self":[{"href":"https:\/\/lesfrenchquiches.com\/fr\/wp-json\/wp\/v2\/pages\/12"}],"collection":[{"href":"https:\/\/lesfrenchquiches.com\/fr\/wp-json\/wp\/v2\/pages"}],"about":[{"href":"https:\/\/lesfrenchquiches.com\/fr\/wp-json\/wp\/v2\/types\/page"}],"author":[{"embeddable":true,"href":"https:\/\/lesfrenchquiches.com\/fr\/wp-json\/wp\/v2\/users\/2"}],"replies":[{"embeddable":true,"href":"https:\/\/lesfrenchquiches.com\/fr\/wp-json\/wp\/v2\/comments?post=12"}],"version-history":[{"count":6,"href":"https:\/\/lesfrenchquiches.com\/fr\/wp-json\/wp\/v2\/pages\/12\/revisions"}],"predecessor-version":[{"id":99,"href":"https:\/\/lesfrenchquiches.com\/fr\/wp-json\/wp\/v2\/pages\/12\/revisions\/99"}],"wp:attachment":[{"href":"https:\/\/lesfrenchquiches.com\/fr\/wp-json\/wp\/v2\/media?parent=12"}],"curies":[{"name":"wp","href":"https:\/\/api.w.org\/{rel}","templated":true}]}}